{"id":3118,"date":"2025-05-20T08:33:11","date_gmt":"2025-05-20T06:33:11","guid":{"rendered":"https:\/\/iklimat.pl\/?page_id=3118"},"modified":"2025-10-16T13:07:45","modified_gmt":"2025-10-16T11:07:45","slug":"blog-copy-copy","status":"publish","type":"page","link":"https:\/\/iklimat.pl\/uk\/oceny\/","title":{"rendered":"\u0420\u0435\u0439\u0442\u0438\u043d\u0433\u0438"},"content":{"rendered":"<p><\/p>\n<h2>\u041d\u0430\u0439\u043a\u0440\u0430\u0449\u0456 \u043a\u043e\u043d\u0434\u0438\u0446\u0456\u043e\u043d\u0435\u0440\u0438 \u0437 \u0444\u0443\u043d\u043a\u0446\u0456\u0454\u044e \u043e\u0431\u0456\u0433\u0440\u0456\u0432\u0443 \u2013 \u0440\u0435\u0439\u0442\u0438\u043d\u0433 \u0446\u0456\u043b\u043e\u0440\u0456\u0447\u043d\u0438\u0445 \u043f\u0440\u0438\u0441\u0442\u0440\u043e\u0457\u0432<\/h2>\n<p><img fetchpriority=\"high\" decoding=\"async\" class=\"wp-image-3612 size-full alignright\" src=\"https:\/\/iklimat.pl\/wp-content\/uploads\/2025\/09\/najlepsze-klimatyzatory-z-funkcja-grzania.webp\" alt=\"Najlepsze klimatyzatory z funkcj\u0105 grzania\" width=\"375\" height=\"250\" \/><\/p>\n<p>\u0428\u0443\u043a\u0430\u0454\u0442\u0435 \u043a\u043e\u043d\u0434\u0438\u0446\u0456\u043e\u043d\u0435\u0440, \u044f\u043a\u0438\u0439 \u0437\u0430\u0431\u0435\u0437\u043f\u0435\u0447\u0438\u0442\u044c \u043a\u043e\u043c\u0444\u043e\u0440\u0442 \u044f\u043a \u0432\u043b\u0456\u0442\u043a\u0443, \u0442\u0430\u043a \u0456 \u0432\u0437\u0438\u043c\u043a\u0443? \u0412\u0438\u0431\u0456\u0440 \u0432\u0456\u0434\u043f\u043e\u0432\u0456\u0434\u043d\u043e\u0433\u043e \u043f\u0440\u0438\u0441\u0442\u0440\u043e\u044e \u0434\u043b\u044f \u0446\u0456\u043b\u043e\u0440\u0456\u0447\u043d\u043e\u0433\u043e \u0432\u0438\u043a\u043e\u0440\u0438\u0441\u0442\u0430\u043d\u043d\u044f \u043d\u0435 \u0454 \u043f\u0440\u043e\u0441\u0442\u0438\u043c, \u0430\u043b\u0435 \u0432\u0456\u0434\u043f\u043e\u0432\u0456\u0434\u043d\u0430 \u0441\u0438\u0441\u0442\u0435\u043c\u0430 \u043a\u043e\u043d\u0434\u0438\u0446\u0456\u043e\u043d\u0443\u0432\u0430\u043d\u043d\u044f \u0437 \u0444\u0443\u043d\u043a\u0446\u0456\u0454\u044e \u043e\u0431\u0456\u0433\u0440\u0456\u0432\u0443 \u2013 \u0456\u0434\u0435\u0430\u043b\u044c\u043d\u0435 \u0440\u0456\u0448\u0435\u043d\u043d\u044f \u0434\u043b\u044f \u043c\u0456\u043d\u043b\u0438\u0432\u0438\u0445 \u043f\u043e\u0433\u043e\u0434\u043d\u0438\u0445 \u0443\u043c\u043e\u0432. \u041f\u0440\u0435\u0434\u0441\u0442\u0430\u0432\u043b\u044f\u0454\u043c\u043e \u0440\u0435\u0439\u0442\u0438\u043d\u0433 \u043d\u0430\u0439\u043a\u0440\u0430\u0449\u0438\u0445 \u043c\u043e\u0434\u0435\u043b\u0435\u0439, \u044f\u043a\u0456 \u043f\u043e\u0454\u0434\u043d\u0443\u044e\u0442\u044c \u0432\u0438\u0441\u043e\u043a\u0443 \u0435\u0444\u0435\u043a\u0442\u0438\u0432\u043d\u0456\u0441\u0442\u044c \u043e\u0445\u043e\u043b\u043e\u0434\u0436\u0435\u043d\u043d\u044f \u0437 \u0444\u0443\u043d\u043a\u0446\u0456\u0454\u044e \u043e\u0431\u0456\u0433\u0440\u0456\u0432\u0443, \u0437\u0430\u0431\u0435\u0437\u043f\u0435\u0447\u0443\u044e\u0447\u0438 \u043a\u043e\u043c\u0444\u043e\u0440\u0442 \u043f\u0440\u043e\u0442\u044f\u0433\u043e\u043c \u0443\u0441\u044c\u043e\u0433\u043e \u0440\u043e\u043a\u0443&#8230;.<\/p>\n<p>&nbsp;<\/p>\n<p><a href=\"\/uk\/naykrashchi-kondytsionery-z-funktsiyeyu-obihrivu-reytynh-tsilorichnykh-prystroyiv\/\">\u0447\u0438\u0442\u0430\u0442\u0438 \u0434\u0430\u043b\u0456 &gt;&gt;<\/a><\/p>\n<hr \/>\n<h2>\u0420\u0435\u0439\u0442\u0438\u043d\u0433 \u043d\u0430\u0439\u043f\u043e\u043f\u0443\u043b\u044f\u0440\u043d\u0456\u0448\u0438\u0445 \u0441\u043f\u043b\u0456\u0442-\u043a\u043e\u043d\u0434\u0438\u0446\u0456\u043e\u043d\u0435\u0440\u0456\u0432 2025 \u0440\u043e\u043a\u0443 \u0437\u0430 \u0432\u0435\u0440\u0441\u0456\u0454\u044e \u0456\u043d\u0441\u0442\u0430\u043b\u044f\u0442\u043e\u0440\u0456\u0432 &#8211; \u044f\u043a\u0438\u0439 \u0432\u0430\u0440\u0442\u043e \u0432\u0438\u0431\u0440\u0430\u0442\u0438?<\/h2>\n<p><img loading=\"lazy\" decoding=\"async\" class=\"wp-image-3119 size-full alignleft\" src=\"https:\/\/iklimat.pl\/wp-content\/uploads\/2025\/05\/25085min.jpg\" alt=\"ranking klimatyzator\u00f3w split wed\u0142ug monter\u00f3w\" width=\"374\" height=\"250\" \/><\/p>\n<p>\u0414\u0435\u0434\u0430\u043b\u0456 \u0442\u0435\u043f\u043b\u0456\u0448\u0435 \u043b\u0456\u0442\u043e \u043e\u0437\u043d\u0430\u0447\u0430\u0454, \u0449\u043e \u043a\u043e\u043d\u0434\u0438\u0446\u0456\u043e\u043d\u0435\u0440 \u0443 \u0431\u0443\u0434\u0438\u043d\u043a\u0443 \u043f\u0435\u0440\u0435\u0441\u0442\u0430\u0454 \u0431\u0443\u0442\u0438 \u0440\u043e\u0437\u043a\u0456\u0448\u0448\u044e \u0456 \u0441\u0442\u0430\u0454 \u043d\u0435\u043e\u0431\u0445\u0456\u0434\u043d\u0438\u043c \u0430\u043a\u0441\u0435\u0441\u0443\u0430\u0440\u043e\u043c. \u041f\u0440\u043e\u0431\u043b\u0435\u043c\u0430 \u0432 \u0442\u043e\u043c\u0443, \u0449\u043e \u0440\u0438\u043d\u043e\u043a \u043f\u0435\u0440\u0435\u043f\u043e\u0432\u043d\u0435\u043d\u0438\u0439 \u043c\u043e\u0434\u0435\u043b\u044f\u043c\u0438, \u044f\u043a\u0456 \u0432\u0456\u0434\u0440\u0456\u0437\u043d\u044f\u044e\u0442\u044c\u0441\u044f \u0437\u0430 \u0432\u0441\u0456\u043c\u0430 \u043f\u0430\u0440\u0430\u043c\u0435\u0442\u0440\u0430\u043c\u0438 &#8211; \u0432\u0456\u0434 \u0446\u0456\u043d\u0438 \u0434\u043e \u0442\u0435\u0445\u043d\u043e\u043b\u043e\u0433\u0456\u0439 \u0456 \u0434\u0438\u0437\u0430\u0439\u043d\u0443. \u0421\u0430\u043c\u0435 \u0442\u043e\u043c\u0443 \u043c\u0438 \u0437\u0430\u043f\u0438\u0442\u0430\u043b\u0438 \u0456\u043d\u0441\u0442\u0430\u043b\u044f\u0442\u043e\u0440\u0456\u0432, \u044f\u043a\u0456 \u0449\u043e\u0434\u043d\u044f \u0432\u0441\u0442\u0430\u043d\u043e\u0432\u043b\u044e\u044e\u0442\u044c \u0446\u0456 \u043f\u0440\u0438\u0441\u0442\u0440\u043e\u0457, \u044f\u043a\u0456 \u0437 \u043d\u0438\u0445 \u043d\u0430\u0441\u043f\u0440\u0430\u0432\u0434\u0456 \u043f\u0440\u0430\u0446\u044e\u044e\u0442\u044c \u043d\u0430\u0439\u043a\u0440\u0430\u0449\u0435. \u041e\u0441\u044c \u043a\u043e\u0440\u043e\u0442\u043a\u0438\u0439 \u043e\u0433\u043b\u044f\u0434 \u0434\u0435\u0441\u044f\u0442\u0438 \u0441\u043f\u043b\u0456\u0442-\u0441\u0438\u0441\u0442\u0435\u043c, \u044f\u043a\u0456 \u043e\u0442\u0440\u0438\u043c\u0430\u043b\u0438 \u043d\u0430\u0439\u0431\u0456\u043b\u044c\u0448\u0435 \u043f\u043e\u0445\u0432\u0430\u043b \u0432\u0456\u0434 \u043f\u0440\u043e\u0444\u0435\u0441\u0456\u043e\u043d\u0430\u043b\u0456\u0432 \u0443 2025 \u0440\u043e\u0446\u0456. \u0413\u043e\u0442\u043e\u0432\u0456 \u0434\u043e \u043d\u0435\u0441\u043f\u043e\u0434\u0456\u0432\u0430\u043d\u0438\u0445 \u0432\u0438\u0441\u043d\u043e\u0432\u043a\u0456\u0432?&#8230;<\/p>\n<p>&nbsp;<\/p>\n<p><a href=\"\/uk\/reytynh-naypopulyarnishykh-split-kondytsioneriv-2025-roku-za-versiyeyu-instalyatoriv-yakyy-varto-vybraty\/\">\u0447\u0438\u0442\u0430\u0442\u0438 \u0434\u0430\u043b\u0456 &gt;&gt;<\/a><\/p>\n<hr \/>\n<p>&nbsp;<\/p>\n<p>&nbsp;<\/p>","protected":false},"excerpt":{"rendered":"<p>\u041d\u0430\u0439\u043a\u0440\u0430\u0449\u0456 \u043a\u043e\u043d\u0434\u0438\u0446\u0456\u043e\u043d\u0435\u0440\u0438 \u0437 \u0444\u0443\u043d\u043a\u0446\u0456\u0454\u044e \u043e\u0431\u0456\u0433\u0440\u0456\u0432\u0443 \u2013 \u0440\u0435\u0439\u0442\u0438\u043d\u0433 \u0446\u0456\u043b\u043e\u0440\u0456\u0447\u043d\u0438\u0445 \u043f\u0440\u0438\u0441\u0442\u0440\u043e\u0457\u0432 \u0428\u0443\u043a\u0430\u0454\u0442\u0435 \u043a\u043e\u043d\u0434\u0438\u0446\u0456\u043e\u043d\u0435\u0440, \u044f\u043a\u0438\u0439 \u0437\u0430\u0431\u0435\u0437\u043f\u0435\u0447\u0438\u0442\u044c \u043a\u043e\u043c\u0444\u043e\u0440\u0442 \u044f\u043a \u0432\u043b\u0456\u0442\u043a\u0443, \u0442\u0430\u043a \u0456 \u0432\u0437\u0438\u043c\u043a\u0443? \u0412\u0438\u0431\u0456\u0440 \u0432\u0456\u0434\u043f\u043e\u0432\u0456\u0434\u043d\u043e\u0433\u043e \u043f\u0440\u0438\u0441\u0442\u0440\u043e\u044e \u0434\u043b\u044f \u0446\u0456\u043b\u043e\u0440\u0456\u0447\u043d\u043e\u0433\u043e \u0432\u0438\u043a\u043e\u0440\u0438\u0441\u0442\u0430\u043d\u043d\u044f \u043d\u0435 \u0454 \u043f\u0440\u043e\u0441\u0442\u0438\u043c, \u0430\u043b\u0435 \u0432\u0456\u0434\u043f\u043e\u0432\u0456\u0434\u043d\u0430 \u0441\u0438\u0441\u0442\u0435\u043c\u0430 \u043a\u043e\u043d\u0434\u0438\u0446\u0456\u043e\u043d\u0443\u0432\u0430\u043d\u043d\u044f \u0437 \u0444\u0443\u043d\u043a\u0446\u0456\u0454\u044e \u043e\u0431\u0456\u0433\u0440\u0456\u0432\u0443 \u2013 \u0456\u0434\u0435\u0430\u043b\u044c\u043d\u0435 \u0440\u0456\u0448\u0435\u043d\u043d\u044f \u0434\u043b\u044f \u043c\u0456\u043d\u043b\u0438\u0432\u0438\u0445 \u043f\u043e\u0433\u043e\u0434\u043d\u0438\u0445 \u0443\u043c\u043e\u0432. \u041f\u0440\u0435\u0434\u0441\u0442\u0430\u0432\u043b\u044f\u0454\u043c\u043e \u0440\u0435\u0439\u0442\u0438\u043d\u0433 \u043d\u0430\u0439\u043a\u0440\u0430\u0449\u0438\u0445 \u043c\u043e\u0434\u0435\u043b\u0435\u0439, \u044f\u043a\u0456 \u043f\u043e\u0454\u0434\u043d\u0443\u044e\u0442\u044c \u0432\u0438\u0441\u043e\u043a\u0443 \u0435\u0444\u0435\u043a\u0442\u0438\u0432\u043d\u0456\u0441\u0442\u044c \u043e\u0445\u043e\u043b\u043e\u0434\u0436\u0435\u043d\u043d\u044f \u0437 \u0444\u0443\u043d\u043a\u0446\u0456\u0454\u044e \u043e\u0431\u0456\u0433\u0440\u0456\u0432\u0443, \u0437\u0430\u0431\u0435\u0437\u043f\u0435\u0447\u0443\u044e\u0447\u0438 [&hellip;]<\/p>\n","protected":false},"author":5,"featured_media":0,"parent":0,"menu_order":0,"comment_status":"closed","ping_status":"closed","template":"","meta":{"inline_featured_image":false,"two_page_speed":[],"footnotes":""},"coauthors":[58],"class_list":["post-3118","page","type-page","status-publish","hentry"],"acf":[],"_links":{"self":[{"href":"https:\/\/iklimat.pl\/uk\/wp-json\/wp\/v2\/pages\/3118","targetHints":{"allow":["GET"]}}],"collection":[{"href":"https:\/\/iklimat.pl\/uk\/wp-json\/wp\/v2\/pages"}],"about":[{"href":"https:\/\/iklimat.pl\/uk\/wp-json\/wp\/v2\/types\/page"}],"author":[{"embeddable":true,"href":"https:\/\/iklimat.pl\/uk\/wp-json\/wp\/v2\/users\/5"}],"replies":[{"embeddable":true,"href":"https:\/\/iklimat.pl\/uk\/wp-json\/wp\/v2\/comments?post=3118"}],"version-history":[{"count":12,"href":"https:\/\/iklimat.pl\/uk\/wp-json\/wp\/v2\/pages\/3118\/revisions"}],"predecessor-version":[{"id":3649,"href":"https:\/\/iklimat.pl\/uk\/wp-json\/wp\/v2\/pages\/3118\/revisions\/3649"}],"wp:attachment":[{"href":"https:\/\/iklimat.pl\/uk\/wp-json\/wp\/v2\/media?parent=3118"}],"wp:term":[{"taxonomy":"author","embeddable":true,"href":"https:\/\/iklimat.pl\/uk\/wp-json\/wp\/v2\/coauthors?post=3118"}],"curies":[{"name":"wp","href":"https:\/\/api.w.org\/{rel}","templated":true}]}}